{"id":8,"date":"2026-05-06T16:38:40","date_gmt":"2026-05-06T16:38:40","guid":{"rendered":"https:\/\/taktakclean.be\/?page_id=8"},"modified":"2026-05-06T16:38:40","modified_gmt":"2026-05-06T16:38:40","slug":"taktak-clean","status":"publish","type":"page","link":"https:\/\/taktakclean.be\/","title":{"rendered":"Taktak Clean"},"content":{"rendered":"\n<div class=\"wp-block-group alignfull is-layout-constrained wp-container-core-group-is-layout-ebee8dc1 wp-block-group-is-layout-constrained\" style=\"margin-top:0;margin-bottom:0;padding-top:var(--wp--preset--spacing--50);padding-bottom:var(--wp--preset--spacing--50)\">\n<h2 class=\"wp-block-heading alignwide\">Nos services<\/h2>\n\n\n\n<div class=\"wp-block-columns alignwide is-layout-flex wp-container-core-columns-is-layout-28f84493 wp-block-columns-is-layout-flex\">\n<div class=\"wp-block-column is-layout-flow wp-block-column-is-layout-flow\">\n<figure class=\"wp-block-image size-full\" style=\"margin-bottom:24px\"><img fetchpriority=\"high\" decoding=\"async\" width=\"2352\" height=\"1568\" src=\"https:\/\/taktakclean.be\/wp-content\/uploads\/2026\/05\/2.1-invideo-gpt_image_2.png\" alt=\"\" class=\"wp-image-10\" style=\"aspect-ratio:4\/3;object-fit:cover\" srcset=\"https:\/\/taktakclean.be\/wp-content\/uploads\/2026\/05\/2.1-invideo-gpt_image_2.png 2352w, https:\/\/taktakclean.be\/wp-content\/uploads\/2026\/05\/2.1-invideo-gpt_image_2-300x200.png 300w, https:\/\/taktakclean.be\/wp-content\/uploads\/2026\/05\/2.1-invideo-gpt_image_2-1024x683.png 1024w, https:\/\/taktakclean.be\/wp-content\/uploads\/2026\/05\/2.1-invideo-gpt_image_2-768x512.png 768w, https:\/\/taktakclean.be\/wp-content\/uploads\/2026\/05\/2.1-invideo-gpt_image_2-1536x1024.png 1536w, https:\/\/taktakclean.be\/wp-content\/uploads\/2026\/05\/2.1-invideo-gpt_image_2-2048x1365.png 2048w\" sizes=\"(max-width: 2352px) 100vw, 2352px\" \/><\/figure>\n\n\n\n<h3 class=\"wp-block-heading\">AIRBNB <\/h3>\n\n\n\n<p class=\"has-medium-font-size\">Nous g\u00e9rons les propri\u00e9t\u00e9s Airbnb en assurant un nettoyage professionnel, l&#8217;accueil et le d\u00e9part des voyageurs, ainsi que les petites r\u00e9parations d&#8217;entretien afin que votre propri\u00e9t\u00e9 soit toujours pr\u00eate \u00e0 accueillir des voyageurs.<\/p>\n<\/div>\n\n\n\n<div class=\"wp-block-column is-layout-flow wp-block-column-is-layout-flow\">\n<figure class=\"wp-block-image size-full\" style=\"margin-bottom:24px\"><img decoding=\"async\" width=\"1536\" height=\"1024\" src=\"https:\/\/taktakclean.be\/wp-content\/uploads\/2026\/05\/ChatGPT-Image-6-mai-2026-18_35_34.png\" alt=\"\" class=\"wp-image-11\" style=\"aspect-ratio:4\/3;object-fit:cover\" srcset=\"https:\/\/taktakclean.be\/wp-content\/uploads\/2026\/05\/ChatGPT-Image-6-mai-2026-18_35_34.png 1536w, https:\/\/taktakclean.be\/wp-content\/uploads\/2026\/05\/ChatGPT-Image-6-mai-2026-18_35_34-300x200.png 300w, https:\/\/taktakclean.be\/wp-content\/uploads\/2026\/05\/ChatGPT-Image-6-mai-2026-18_35_34-1024x683.png 1024w, https:\/\/taktakclean.be\/wp-content\/uploads\/2026\/05\/ChatGPT-Image-6-mai-2026-18_35_34-768x512.png 768w\" sizes=\"(max-width: 1536px) 100vw, 1536px\" \/><\/figure>\n\n\n\n<h3 class=\"wp-block-heading\">Bureaux<\/h3>\n\n\n\n<p class=\"has-medium-font-size\">Nous proposons des services de nettoyage de bureaux fiables pour maintenir votre espace de travail propre, professionnel et confortable pour vos employ\u00e9s et vos clients.<\/p>\n<\/div>\n\n\n\n<div class=\"wp-block-column is-layout-flow wp-block-column-is-layout-flow\">\n<figure class=\"wp-block-image size-full\" style=\"margin-bottom:24px\"><img decoding=\"async\" width=\"1535\" height=\"1024\" src=\"https:\/\/taktakclean.be\/wp-content\/uploads\/2026\/05\/ChatGPT-Image-6-mai-2026-18_37_17.png\" alt=\"\" class=\"wp-image-12\" style=\"aspect-ratio:4\/3;object-fit:cover\" srcset=\"https:\/\/taktakclean.be\/wp-content\/uploads\/2026\/05\/ChatGPT-Image-6-mai-2026-18_37_17.png 1535w, https:\/\/taktakclean.be\/wp-content\/uploads\/2026\/05\/ChatGPT-Image-6-mai-2026-18_37_17-300x200.png 300w, https:\/\/taktakclean.be\/wp-content\/uploads\/2026\/05\/ChatGPT-Image-6-mai-2026-18_37_17-1024x683.png 1024w, https:\/\/taktakclean.be\/wp-content\/uploads\/2026\/05\/ChatGPT-Image-6-mai-2026-18_37_17-768x512.png 768w\" sizes=\"(max-width: 1535px) 100vw, 1535px\" \/><\/figure>\n\n\n\n<h3 class=\"wp-block-heading\">Salle de r\u00e9union<\/h3>\n\n\n\n<p class=\"has-medium-font-size\">Nous assurons la maintenance des salles de r\u00e9union, le c\u00e2blage des \u00e9quipements, ainsi que les petits travaux de r\u00e9paration pour garder vos espaces professionnels fonctionnels et bien entretenus.<\/p>\n<\/div>\n<\/div>\n<\/div>\n","protected":false},"excerpt":{"rendered":"<p>Nos services AIRBNB Nous g\u00e9rons les propri\u00e9t\u00e9s Airbnb en assurant un nettoyage professionnel, l&#8217;accueil et le d\u00e9part des voyageurs, ainsi que les petites r\u00e9parations d&#8217;entretien afin que votre propri\u00e9t\u00e9 soit toujours pr\u00eate \u00e0 accueillir des voyageurs. Bureaux Nous proposons des services de nettoyage de bureaux fiables pour maintenir votre espace de travail propre, professionnel et [&hellip;]<\/p>\n","protected":false},"author":1,"featured_media":0,"parent":0,"menu_order":0,"comment_status":"closed","ping_status":"closed","template":"","meta":{"footnotes":""},"class_list":["post-8","page","type-page","status-publish","hentry"],"_links":{"self":[{"href":"https:\/\/taktakclean.be\/index.php?rest_route=\/wp\/v2\/pages\/8","targetHints":{"allow":["GET"]}}],"collection":[{"href":"https:\/\/taktakclean.be\/index.php?rest_route=\/wp\/v2\/pages"}],"about":[{"href":"https:\/\/taktakclean.be\/index.php?rest_route=\/wp\/v2\/types\/page"}],"author":[{"embeddable":true,"href":"https:\/\/taktakclean.be\/index.php?rest_route=\/wp\/v2\/users\/1"}],"replies":[{"embeddable":true,"href":"https:\/\/taktakclean.be\/index.php?rest_route=%2Fwp%2Fv2%2Fcomments&post=8"}],"version-history":[{"count":2,"href":"https:\/\/taktakclean.be\/index.php?rest_route=\/wp\/v2\/pages\/8\/revisions"}],"predecessor-version":[{"id":16,"href":"https:\/\/taktakclean.be\/index.php?rest_route=\/wp\/v2\/pages\/8\/revisions\/16"}],"wp:attachment":[{"href":"https:\/\/taktakclean.be\/index.php?rest_route=%2Fwp%2Fv2%2Fmedia&parent=8"}],"curies":[{"name":"wp","href":"https:\/\/api.w.org\/{rel}","templated":true}]}}